{"id":467,"date":"2025-02-20T10:37:26","date_gmt":"2025-02-20T10:37:26","guid":{"rendered":"https:\/\/www.chaletananda.ch\/?page_id=467"},"modified":"2025-02-20T11:18:15","modified_gmt":"2025-02-20T11:18:15","slug":"le-chalet","status":"publish","type":"page","link":"https:\/\/www.chaletananda.ch\/en\/le-chalet\/","title":{"rendered":"Le chalet"},"content":{"rendered":"<div data-elementor-type=\"wp-page\" data-elementor-id=\"467\" class=\"elementor elementor-467\" data-elementor-post-type=\"page\">\n\t\t\t\t<div class=\"elementor-element elementor-element-0257f50 e-flex e-con-boxed e-con e-parent\" data-id=\"0257f50\" data-element_type=\"container\" data-settings=\"{&quot;background_background&quot;:&quot;classic&quot;}\">\n\t\t\t\t\t<div class=\"e-con-inner\">\n\t\t\t\t<div class=\"elementor-element elementor-element-bd0e04f elementor-widget elementor-widget-image\" data-id=\"bd0e04f\" data-element_type=\"widget\" data-widget_type=\"image.default\">\n\t\t\t\t<div class=\"elementor-widget-container\">\n\t\t\t\t\t\t\t\t\t\t\t\t\t\t<a href=\"https:\/\/www.chaletananda.ch\/en\/\">\n\t\t\t\t\t\t\t<img fetchpriority=\"high\" decoding=\"async\" width=\"800\" height=\"619\" src=\"https:\/\/www.chaletananda.ch\/wp-content\/uploads\/2024\/12\/LOGO-CHALET-ANANDA-V2.png\" class=\"attachment-large size-large wp-image-135\" alt=\"\" srcset=\"https:\/\/www.chaletananda.ch\/wp-content\/uploads\/2024\/12\/LOGO-CHALET-ANANDA-V2.png 950w, https:\/\/www.chaletananda.ch\/wp-content\/uploads\/2024\/12\/LOGO-CHALET-ANANDA-V2-300x232.png 300w, https:\/\/www.chaletananda.ch\/wp-content\/uploads\/2024\/12\/LOGO-CHALET-ANANDA-V2-768x594.png 768w\" sizes=\"(max-width: 800px) 100vw, 800px\" \/>\t\t\t\t\t\t\t\t<\/a>\n\t\t\t\t\t\t\t\t\t\t\t\t\t<\/div>\n\t\t\t\t<\/div>\n\t\t\t\t\t<\/div>\n\t\t\t\t<\/div>\n\t\t<div class=\"elementor-element elementor-element-95d9209 e-flex e-con-boxed e-con e-parent\" data-id=\"95d9209\" data-element_type=\"container\">\n\t\t\t\t\t<div class=\"e-con-inner\">\n\t\t\t\t<div class=\"elementor-element elementor-element-fc8b24a elementor-widget elementor-widget-heading\" data-id=\"fc8b24a\" data-element_type=\"widget\" data-widget_type=\"heading.default\">\n\t\t\t\t<div class=\"elementor-widget-container\">\n\t\t\t<h1 class=\"elementor-heading-title elementor-size-default\">Le Chalet Ananda, chalet Traditionnel de 1745 \u00e0 Lauenen <br>S\u00e9jour Authentique pr\u00e8s de Gstaad<\/h1>\t\t<\/div>\n\t\t\t\t<\/div>\n\t\t\t\t<div class=\"elementor-element elementor-element-0acb62e elementor-widget elementor-widget-text-editor\" data-id=\"0acb62e\" data-element_type=\"widget\" data-widget_type=\"text-editor.default\">\n\t\t\t\t<div class=\"elementor-widget-container\">\n\t\t\t\t\t\t\t<p>Bienvenue dans notre magnifique chalet-ferme bernoise datant de 1745, enti\u00e8rement r\u00e9nov\u00e9 en 2023. Nich\u00e9 au c\u0153ur de la vall\u00e9e pittoresque de Lauenen, notre propri\u00e9t\u00e9 d&rsquo;exception offre une exp\u00e9rience de s\u00e9jour unique \u00e0 seulement 7 minutes du centre de Gstaad et des remont\u00e9es m\u00e9caniques.<\/p>\t\t\t\t\t\t<\/div>\n\t\t\t\t<\/div>\n\t\t\t\t<div class=\"elementor-element elementor-element-efe1832 elementor-widget elementor-widget-heading\" data-id=\"efe1832\" data-element_type=\"widget\" data-widget_type=\"heading.default\">\n\t\t\t\t<div class=\"elementor-widget-container\">\n\t\t\t<h2 class=\"elementor-heading-title elementor-size-default\">Un Joyau Historique dans un Cadre Idyllique<\/h2>\t\t<\/div>\n\t\t\t\t<\/div>\n\t\t\t\t<div class=\"elementor-element elementor-element-04180c5 elementor-widget elementor-widget-text-editor\" data-id=\"04180c5\" data-element_type=\"widget\" data-widget_type=\"text-editor.default\">\n\t\t\t\t<div class=\"elementor-widget-container\">\n\t\t\t\t\t\t\t<p>Notre chalet traditionnel allie le charme authentique d&rsquo;une ferme bernoise tricentenaire au confort moderne d&rsquo;une r\u00e9novation compl\u00e8te. Admirez la vue panoramique sur le majestueux glacier Wildhorn depuis notre terrasse am\u00e9nag\u00e9e et notre jardin soigneusement entretenu.<\/p>\t\t\t\t\t\t<\/div>\n\t\t\t\t<\/div>\n\t\t\t\t<div class=\"elementor-element elementor-element-1e84499 elementor-widget elementor-widget-heading\" data-id=\"1e84499\" data-element_type=\"widget\" data-widget_type=\"heading.default\">\n\t\t\t\t<div class=\"elementor-widget-container\">\n\t\t\t<h3 class=\"elementor-heading-title elementor-size-default\">Caract\u00e9ristiques Principales :<\/h3>\t\t<\/div>\n\t\t\t\t<\/div>\n\t\t\t\t<div class=\"elementor-element elementor-element-82a5f89 elementor-widget elementor-widget-text-editor\" data-id=\"82a5f89\" data-element_type=\"widget\" data-widget_type=\"text-editor.default\">\n\t\t\t\t<div class=\"elementor-widget-container\">\n\t\t\t\t\t\t\t<ul><li class=\"whitespace-normal break-words\">Chalet-ferme bernoise authentique de 1745<\/li><li class=\"whitespace-normal break-words\">R\u00e9novation compl\u00e8te en 2023<\/li><li class=\"whitespace-normal break-words\">Vue imprenable sur le glacier Wildhorn et la vall\u00e9e<\/li><li class=\"whitespace-normal break-words\">Jardin priv\u00e9 avec terrasse ensoleill\u00e9e<\/li><li class=\"whitespace-normal break-words\">\u00c0 7 minutes du centre de Gstaad<\/li><li class=\"whitespace-normal break-words\">Proximit\u00e9 imm\u00e9diate des remont\u00e9es m\u00e9caniques<\/li><li class=\"whitespace-normal break-words\">Animaux de compagnie bienvenus<\/li><\/ul><p><br \/>D\u00e9couvrez l&rsquo;alliance parfaite entre tradition suisse et confort contemporain dans un cadre naturel d&rsquo;exception.<\/p>\t\t\t\t\t\t<\/div>\n\t\t\t\t<\/div>\n\t\t\t\t<div class=\"elementor-element elementor-element-41f7dee elementor-widget elementor-widget-button\" data-id=\"41f7dee\" data-element_type=\"widget\" data-widget_type=\"button.default\">\n\t\t\t\t<div class=\"elementor-widget-container\">\n\t\t\t\t\t\t\t<div class=\"elementor-button-wrapper\">\n\t\t\t\t\t<a class=\"elementor-button elementor-button-link elementor-size-sm\" href=\"https:\/\/www.chaletananda.ch\/en\/\">\n\t\t\t\t\t\t<span class=\"elementor-button-content-wrapper\">\n\t\t\t\t\t\t\t\t\t<span class=\"elementor-button-text\">D\u00e9couvrir le chalet Ananda<\/span>\n\t\t\t\t\t<\/span>\n\t\t\t\t\t<\/a>\n\t\t\t\t<\/div>\n\t\t\t\t\t\t<\/div>\n\t\t\t\t<\/div>\n\t\t\t\t<div class=\"elementor-element elementor-element-7726101 elementor-widget elementor-widget-heading\" data-id=\"7726101\" data-element_type=\"widget\" data-widget_type=\"heading.default\">\n\t\t\t\t<div class=\"elementor-widget-container\">\n\t\t\t<h2 class=\"elementor-heading-title elementor-size-default\">Confort et Authenticit\u00e9: Les \u00c9quipements du Chalet Ananda<\/h2>\t\t<\/div>\n\t\t\t\t<\/div>\n\t\t\t\t<div class=\"elementor-element elementor-element-15e2e28 elementor-widget elementor-widget-text-editor\" data-id=\"15e2e28\" data-element_type=\"widget\" data-widget_type=\"text-editor.default\">\n\t\t\t\t<div class=\"elementor-widget-container\">\n\t\t\t\t\t\t\t<p>Notre chalet-ferme bernoise allie le charme d&rsquo;une demeure historique aux commodit\u00e9s modernes que vous \u00eates en droit d&rsquo;attendre pour un s\u00e9jour d&rsquo;exception.<\/p>\t\t\t\t\t\t<\/div>\n\t\t\t\t<\/div>\n\t\t\t\t<div class=\"elementor-element elementor-element-f6944fe elementor-widget elementor-widget-heading\" data-id=\"f6944fe\" data-element_type=\"widget\" data-widget_type=\"heading.default\">\n\t\t\t\t<div class=\"elementor-widget-container\">\n\t\t\t<h3 class=\"elementor-heading-title elementor-size-default\">Espaces de Vie : <\/h3>\t\t<\/div>\n\t\t\t\t<\/div>\n\t\t\t\t<div class=\"elementor-element elementor-element-600a77b elementor-widget elementor-widget-text-editor\" data-id=\"600a77b\" data-element_type=\"widget\" data-widget_type=\"text-editor.default\">\n\t\t\t\t<div class=\"elementor-widget-container\">\n\t\t\t\t\t\t\t<ul><li class=\"whitespace-normal break-words\">Salon spacieux avec chemin\u00e9e traditionnelle<\/li><li class=\"whitespace-normal break-words\">Salle \u00e0 manger avec table en bois massif<\/li><li class=\"whitespace-normal break-words\">Cuisine enti\u00e8rement \u00e9quip\u00e9e avec appareils haut de gamme<\/li><li class=\"whitespace-normal break-words\">Chambres confortables avec literie de qualit\u00e9<\/li><li class=\"whitespace-normal break-words\">Salle de bains r\u00e9nov\u00e9es avec mat\u00e9riaux nobles<\/li><li class=\"whitespace-normal break-words\">Espace bureau avec connexion internet haut d\u00e9bit<\/li><\/ul>\t\t\t\t\t\t<\/div>\n\t\t\t\t<\/div>\n\t\t\t\t<div class=\"elementor-element elementor-element-218377a elementor-widget elementor-widget-heading\" data-id=\"218377a\" data-element_type=\"widget\" data-widget_type=\"heading.default\">\n\t\t\t\t<div class=\"elementor-widget-container\">\n\t\t\t<h3 class=\"elementor-heading-title elementor-size-default\">Ext\u00e9rieurs<\/h3>\t\t<\/div>\n\t\t\t\t<\/div>\n\t\t\t\t<div class=\"elementor-element elementor-element-47497a6 elementor-widget elementor-widget-text-editor\" data-id=\"47497a6\" data-element_type=\"widget\" data-widget_type=\"text-editor.default\">\n\t\t\t\t<div class=\"elementor-widget-container\">\n\t\t\t\t\t\t\t<ul><li class=\"whitespace-normal break-words\">Jardin priv\u00e9 am\u00e9nag\u00e9 et entretenu<\/li><li class=\"whitespace-normal break-words\">Terrasse orient\u00e9e sud avec mobilier de jardin<\/li><li class=\"whitespace-normal break-words\">Barbecue en pierre<\/li><li class=\"whitespace-normal break-words\">Espace de stationnement priv\u00e9<\/li><li class=\"whitespace-normal break-words\">Abri s\u00e9curis\u00e9 pour \u00e9quipements sportifs<\/li><li class=\"whitespace-normal break-words\">Zone d\u00e9di\u00e9e aux animaux de compagnie<\/li><\/ul>\t\t\t\t\t\t<\/div>\n\t\t\t\t<\/div>\n\t\t\t\t<div class=\"elementor-element elementor-element-40806cc elementor-widget elementor-widget-heading\" data-id=\"40806cc\" data-element_type=\"widget\" data-widget_type=\"heading.default\">\n\t\t\t\t<div class=\"elementor-widget-container\">\n\t\t\t<h3 class=\"elementor-heading-title elementor-size-default\">\u00c9quipements Modernes<\/h3>\t\t<\/div>\n\t\t\t\t<\/div>\n\t\t\t\t<div class=\"elementor-element elementor-element-c51d225 elementor-widget elementor-widget-text-editor\" data-id=\"c51d225\" data-element_type=\"widget\" data-widget_type=\"text-editor.default\">\n\t\t\t\t<div class=\"elementor-widget-container\">\n\t\t\t\t\t\t\t<ul><li class=\"whitespace-normal break-words\">Chauffage central respectueux de l&rsquo;environnement<\/li><li class=\"whitespace-normal break-words\">Internet Wi-Fi haut d\u00e9bit dans tout le chalet<\/li><li class=\"whitespace-normal break-words\">Syst\u00e8me audio multi-pi\u00e8ces<\/li><li class=\"whitespace-normal break-words\">T\u00e9l\u00e9vision \u00e0 \u00e9cran plat avec cha\u00eenes internationales<\/li><li class=\"whitespace-normal break-words\">Buanderie \u00e9quip\u00e9e (lave-linge et s\u00e8che-linge)<\/li><\/ul>\t\t\t\t\t\t<\/div>\n\t\t\t\t<\/div>\n\t\t\t\t<div class=\"elementor-element elementor-element-3186f4b elementor-widget elementor-widget-spacer\" data-id=\"3186f4b\" data-element_type=\"widget\" data-widget_type=\"spacer.default\">\n\t\t\t\t<div class=\"elementor-widget-container\">\n\t\t\t\t\t<div class=\"elementor-spacer\">\n\t\t\t<div class=\"elementor-spacer-inner\"><\/div>\n\t\t<\/div>\n\t\t\t\t<\/div>\n\t\t\t\t<\/div>\n\t\t\t\t\t<\/div>\n\t\t\t\t<\/div>\n\t\t<div class=\"elementor-element elementor-element-1cc08467 e-flex e-con-boxed e-con e-parent\" data-id=\"1cc08467\" data-element_type=\"container\" data-settings=\"{&quot;background_background&quot;:&quot;classic&quot;}\">\n\t\t\t\t\t<div class=\"e-con-inner\">\n\t\t\t\t<div class=\"elementor-element elementor-element-4fd3e5b9 elementor-widget elementor-widget-image\" data-id=\"4fd3e5b9\" data-element_type=\"widget\" data-widget_type=\"image.default\">\n\t\t\t\t<div class=\"elementor-widget-container\">\n\t\t\t\t\t\t\t\t\t\t\t\t\t<img fetchpriority=\"high\" decoding=\"async\" width=\"800\" height=\"619\" src=\"https:\/\/www.chaletananda.ch\/wp-content\/uploads\/2024\/12\/LOGO-CHALET-ANANDA-V2.png\" class=\"attachment-large size-large wp-image-135\" alt=\"\" srcset=\"https:\/\/www.chaletananda.ch\/wp-content\/uploads\/2024\/12\/LOGO-CHALET-ANANDA-V2.png 950w, https:\/\/www.chaletananda.ch\/wp-content\/uploads\/2024\/12\/LOGO-CHALET-ANANDA-V2-300x232.png 300w, https:\/\/www.chaletananda.ch\/wp-content\/uploads\/2024\/12\/LOGO-CHALET-ANANDA-V2-768x594.png 768w\" sizes=\"(max-width: 800px) 100vw, 800px\" \/>\t\t\t\t\t\t\t\t\t\t\t\t\t<\/div>\n\t\t\t\t<\/div>\n\t\t<div class=\"elementor-element elementor-element-6c7f3140 e-con-full e-flex e-con e-child\" data-id=\"6c7f3140\" data-element_type=\"container\">\n\t\t\t\t<div class=\"elementor-element elementor-element-5f06f397 elementor-widget elementor-widget-button\" data-id=\"5f06f397\" data-element_type=\"widget\" data-widget_type=\"button.default\">\n\t\t\t\t<div class=\"elementor-widget-container\">\n\t\t\t\t\t\t\t<div class=\"elementor-button-wrapper\">\n\t\t\t\t\t<a class=\"elementor-button elementor-button-link elementor-size-sm\" href=\"https:\/\/www.chaletananda.ch\/en\/le-chalet\/\">\n\t\t\t\t\t\t<span class=\"elementor-button-content-wrapper\">\n\t\t\t\t\t\t\t\t\t<span class=\"elementor-button-text\">Le chalet<\/span>\n\t\t\t\t\t<\/span>\n\t\t\t\t\t<\/a>\n\t\t\t\t<\/div>\n\t\t\t\t\t\t<\/div>\n\t\t\t\t<\/div>\n\t\t\t\t<div class=\"elementor-element elementor-element-1fdd5f80 elementor-widget elementor-widget-button\" data-id=\"1fdd5f80\" data-element_type=\"widget\" data-widget_type=\"button.default\">\n\t\t\t\t<div class=\"elementor-widget-container\">\n\t\t\t\t\t\t\t<div class=\"elementor-button-wrapper\">\n\t\t\t\t\t<a class=\"elementor-button elementor-button-link elementor-size-sm\" href=\"https:\/\/www.chaletananda.ch\/en\/le-logement\/\">\n\t\t\t\t\t\t<span class=\"elementor-button-content-wrapper\">\n\t\t\t\t\t\t\t\t\t<span class=\"elementor-button-text\">Accommodation<\/span>\n\t\t\t\t\t<\/span>\n\t\t\t\t\t<\/a>\n\t\t\t\t<\/div>\n\t\t\t\t\t\t<\/div>\n\t\t\t\t<\/div>\n\t\t\t\t<div class=\"elementor-element elementor-element-46b9d1ac elementor-widget elementor-widget-button\" data-id=\"46b9d1ac\" data-element_type=\"widget\" data-widget_type=\"button.default\">\n\t\t\t\t<div class=\"elementor-widget-container\">\n\t\t\t\t\t\t\t<div class=\"elementor-button-wrapper\">\n\t\t\t\t\t<a class=\"elementor-button elementor-button-link elementor-size-sm\" href=\"https:\/\/www.chaletananda.ch\/en\/la-region\/\">\n\t\t\t\t\t\t<span class=\"elementor-button-content-wrapper\">\n\t\t\t\t\t\t\t\t\t<span class=\"elementor-button-text\">La r\u00e9gion<\/span>\n\t\t\t\t\t<\/span>\n\t\t\t\t\t<\/a>\n\t\t\t\t<\/div>\n\t\t\t\t\t\t<\/div>\n\t\t\t\t<\/div>\n\t\t\t\t<div class=\"elementor-element elementor-element-523620f5 elementor-widget elementor-widget-button\" data-id=\"523620f5\" data-element_type=\"widget\" data-widget_type=\"button.default\">\n\t\t\t\t<div class=\"elementor-widget-container\">\n\t\t\t\t\t\t\t<div class=\"elementor-button-wrapper\">\n\t\t\t\t\t<a class=\"elementor-button elementor-button-link elementor-size-sm\" href=\"https:\/\/www.chaletananda.ch\/en\/\">\n\t\t\t\t\t\t<span class=\"elementor-button-content-wrapper\">\n\t\t\t\t\t\t\t\t\t<span class=\"elementor-button-text\">Mentions l\u00e9gales<\/span>\n\t\t\t\t\t<\/span>\n\t\t\t\t\t<\/a>\n\t\t\t\t<\/div>\n\t\t\t\t\t\t<\/div>\n\t\t\t\t<\/div>\n\t\t\t\t<\/div>\n\t\t\t\t<div class=\"elementor-element elementor-element-416100dd elementor-widget elementor-widget-text-editor\" data-id=\"416100dd\" data-element_type=\"widget\" data-widget_type=\"text-editor.default\">\n\t\t\t\t<div class=\"elementor-widget-container\">\n\t\t\t\t\t\t\t<div class=\"_tp3sbt\"><section><div class=\"_1t2xqmi\"><p class=\"base-header-group__header h1\">\u00a9 Chalet Ananda \u2013 All rights reserved\u00a0<\/p><\/div><\/section><\/div>\t\t\t\t\t\t<\/div>\n\t\t\t\t<\/div>\n\t\t\t\t\t<\/div>\n\t\t\t\t<\/div>\n\t\t\t\t<\/div>","protected":false},"excerpt":{"rendered":"<p>Le Chalet Ananda, chalet Traditionnel de 1745 \u00e0 Lauenen S\u00e9jour Authentique pr\u00e8s de Gstaad Bienvenue dans notre magnifique chalet-ferme bernoise datant de 1745, enti\u00e8rement r\u00e9nov\u00e9 en 2023. Nich\u00e9 au c\u0153ur de la vall\u00e9e pittoresque de Lauenen, notre propri\u00e9t\u00e9 d&rsquo;exception offre une exp\u00e9rience de s\u00e9jour unique \u00e0 seulement 7 minutes du centre de Gstaad et des [&hellip;]<\/p>","protected":false},"author":4,"featured_media":0,"parent":0,"menu_order":0,"comment_status":"closed","ping_status":"closed","template":"elementor_canvas","meta":{"footnotes":""},"class_list":["post-467","page","type-page","status-publish","hentry"],"yoast_head":"<!-- This site is optimized with the Yoast SEO plugin v24.2 - https:\/\/yoast.com\/wordpress\/plugins\/seo\/ -->\n<title>Le chalet - Chalet Ananda<\/title>\n<meta name=\"robots\" content=\"index, follow, max-snippet:-1, max-image-preview:large, max-video-preview:-1\" \/>\n<link rel=\"canonical\" href=\"https:\/\/www.chaletananda.ch\/en\/le-chalet\/\" \/>\n<meta property=\"og:locale\" content=\"en_GB\" \/>\n<meta property=\"og:type\" content=\"article\" \/>\n<meta property=\"og:title\" content=\"Le chalet - Chalet Ananda\" \/>\n<meta property=\"og:description\" content=\"Le Chalet Ananda, chalet Traditionnel de 1745 \u00e0 Lauenen S\u00e9jour Authentique pr\u00e8s de Gstaad Bienvenue dans notre magnifique chalet-ferme bernoise datant de 1745, enti\u00e8rement r\u00e9nov\u00e9 en 2023. Nich\u00e9 au c\u0153ur de la vall\u00e9e pittoresque de Lauenen, notre propri\u00e9t\u00e9 d&rsquo;exception offre une exp\u00e9rience de s\u00e9jour unique \u00e0 seulement 7 minutes du centre de Gstaad et des [&hellip;]\" \/>\n<meta property=\"og:url\" content=\"https:\/\/www.chaletananda.ch\/en\/le-chalet\/\" \/>\n<meta property=\"og:site_name\" content=\"Chalet Ananda\" \/>\n<meta property=\"article:modified_time\" content=\"2025-02-20T11:18:15+00:00\" \/>\n<meta property=\"og:image\" content=\"https:\/\/www.chaletananda.ch\/wp-content\/uploads\/2024\/12\/LOGO-CHALET-ANANDA-V2.png\" \/>\n\t<meta property=\"og:image:width\" content=\"950\" \/>\n\t<meta property=\"og:image:height\" content=\"735\" \/>\n\t<meta property=\"og:image:type\" content=\"image\/png\" \/>\n<meta name=\"twitter:card\" content=\"summary_large_image\" \/>\n<meta name=\"twitter:label1\" content=\"Estimated reading time\" \/>\n\t<meta name=\"twitter:data1\" content=\"2 minutes\" \/>\n<script type=\"application\/ld+json\" class=\"yoast-schema-graph\">{\"@context\":\"https:\/\/schema.org\",\"@graph\":[{\"@type\":\"WebPage\",\"@id\":\"https:\/\/www.chaletananda.ch\/le-chalet\/\",\"url\":\"https:\/\/www.chaletananda.ch\/le-chalet\/\",\"name\":\"Le chalet - Chalet Ananda\",\"isPartOf\":{\"@id\":\"https:\/\/www.chaletananda.ch\/#website\"},\"primaryImageOfPage\":{\"@id\":\"https:\/\/www.chaletananda.ch\/le-chalet\/#primaryimage\"},\"image\":{\"@id\":\"https:\/\/www.chaletananda.ch\/le-chalet\/#primaryimage\"},\"thumbnailUrl\":\"https:\/\/www.chaletananda.ch\/wp-content\/uploads\/2024\/12\/LOGO-CHALET-ANANDA-V2.png\",\"datePublished\":\"2025-02-20T10:37:26+00:00\",\"dateModified\":\"2025-02-20T11:18:15+00:00\",\"breadcrumb\":{\"@id\":\"https:\/\/www.chaletananda.ch\/le-chalet\/#breadcrumb\"},\"inLanguage\":\"en-GB\",\"potentialAction\":[{\"@type\":\"ReadAction\",\"target\":[\"https:\/\/www.chaletananda.ch\/le-chalet\/\"]}]},{\"@type\":\"ImageObject\",\"inLanguage\":\"en-GB\",\"@id\":\"https:\/\/www.chaletananda.ch\/le-chalet\/#primaryimage\",\"url\":\"https:\/\/www.chaletananda.ch\/wp-content\/uploads\/2024\/12\/LOGO-CHALET-ANANDA-V2.png\",\"contentUrl\":\"https:\/\/www.chaletananda.ch\/wp-content\/uploads\/2024\/12\/LOGO-CHALET-ANANDA-V2.png\"},{\"@type\":\"BreadcrumbList\",\"@id\":\"https:\/\/www.chaletananda.ch\/le-chalet\/#breadcrumb\",\"itemListElement\":[{\"@type\":\"ListItem\",\"position\":1,\"name\":\"Accueil\",\"item\":\"https:\/\/www.chaletananda.ch\/\"},{\"@type\":\"ListItem\",\"position\":2,\"name\":\"Le chalet\"}]},{\"@type\":\"WebSite\",\"@id\":\"https:\/\/www.chaletananda.ch\/#website\",\"url\":\"https:\/\/www.chaletananda.ch\/\",\"name\":\"Chalet Ananda\",\"description\":\"Bienvenue au chalet Ananda \",\"publisher\":{\"@id\":\"https:\/\/www.chaletananda.ch\/#organization\"},\"potentialAction\":[{\"@type\":\"SearchAction\",\"target\":{\"@type\":\"EntryPoint\",\"urlTemplate\":\"https:\/\/www.chaletananda.ch\/?s={search_term_string}\"},\"query-input\":{\"@type\":\"PropertyValueSpecification\",\"valueRequired\":true,\"valueName\":\"search_term_string\"}}],\"inLanguage\":\"en-GB\"},{\"@type\":\"Organization\",\"@id\":\"https:\/\/www.chaletananda.ch\/#organization\",\"name\":\"Chalet Ananda\",\"url\":\"https:\/\/www.chaletananda.ch\/\",\"logo\":{\"@type\":\"ImageObject\",\"inLanguage\":\"en-GB\",\"@id\":\"https:\/\/www.chaletananda.ch\/#\/schema\/logo\/image\/\",\"url\":\"https:\/\/www.chaletananda.ch\/wp-content\/uploads\/2024\/12\/LOGO-CHALET-ANANDA-V2.png\",\"contentUrl\":\"https:\/\/www.chaletananda.ch\/wp-content\/uploads\/2024\/12\/LOGO-CHALET-ANANDA-V2.png\",\"width\":950,\"height\":735,\"caption\":\"Chalet Ananda\"},\"image\":{\"@id\":\"https:\/\/www.chaletananda.ch\/#\/schema\/logo\/image\/\"}}]}<\/script>\n<!-- \/ Yoast SEO plugin. -->","yoast_head_json":{"title":"Le chalet - Chalet Ananda","robots":{"index":"index","follow":"follow","max-snippet":"max-snippet:-1","max-image-preview":"max-image-preview:large","max-video-preview":"max-video-preview:-1"},"canonical":"https:\/\/www.chaletananda.ch\/en\/le-chalet\/","og_locale":"en_GB","og_type":"article","og_title":"Le chalet - Chalet Ananda","og_description":"Le Chalet Ananda, chalet Traditionnel de 1745 \u00e0 Lauenen S\u00e9jour Authentique pr\u00e8s de Gstaad Bienvenue dans notre magnifique chalet-ferme bernoise datant de 1745, enti\u00e8rement r\u00e9nov\u00e9 en 2023. Nich\u00e9 au c\u0153ur de la vall\u00e9e pittoresque de Lauenen, notre propri\u00e9t\u00e9 d&rsquo;exception offre une exp\u00e9rience de s\u00e9jour unique \u00e0 seulement 7 minutes du centre de Gstaad et des [&hellip;]","og_url":"https:\/\/www.chaletananda.ch\/en\/le-chalet\/","og_site_name":"Chalet Ananda","article_modified_time":"2025-02-20T11:18:15+00:00","og_image":[{"width":950,"height":735,"url":"https:\/\/www.chaletananda.ch\/wp-content\/uploads\/2024\/12\/LOGO-CHALET-ANANDA-V2.png","type":"image\/png"}],"twitter_card":"summary_large_image","twitter_misc":{"Estimated reading time":"2 minutes"},"schema":{"@context":"https:\/\/schema.org","@graph":[{"@type":"WebPage","@id":"https:\/\/www.chaletananda.ch\/le-chalet\/","url":"https:\/\/www.chaletananda.ch\/le-chalet\/","name":"Le chalet - Chalet Ananda","isPartOf":{"@id":"https:\/\/www.chaletananda.ch\/#website"},"primaryImageOfPage":{"@id":"https:\/\/www.chaletananda.ch\/le-chalet\/#primaryimage"},"image":{"@id":"https:\/\/www.chaletananda.ch\/le-chalet\/#primaryimage"},"thumbnailUrl":"https:\/\/www.chaletananda.ch\/wp-content\/uploads\/2024\/12\/LOGO-CHALET-ANANDA-V2.png","datePublished":"2025-02-20T10:37:26+00:00","dateModified":"2025-02-20T11:18:15+00:00","breadcrumb":{"@id":"https:\/\/www.chaletananda.ch\/le-chalet\/#breadcrumb"},"inLanguage":"en-GB","potentialAction":[{"@type":"ReadAction","target":["https:\/\/www.chaletananda.ch\/le-chalet\/"]}]},{"@type":"ImageObject","inLanguage":"en-GB","@id":"https:\/\/www.chaletananda.ch\/le-chalet\/#primaryimage","url":"https:\/\/www.chaletananda.ch\/wp-content\/uploads\/2024\/12\/LOGO-CHALET-ANANDA-V2.png","contentUrl":"https:\/\/www.chaletananda.ch\/wp-content\/uploads\/2024\/12\/LOGO-CHALET-ANANDA-V2.png"},{"@type":"BreadcrumbList","@id":"https:\/\/www.chaletananda.ch\/le-chalet\/#breadcrumb","itemListElement":[{"@type":"ListItem","position":1,"name":"Accueil","item":"https:\/\/www.chaletananda.ch\/"},{"@type":"ListItem","position":2,"name":"Le chalet"}]},{"@type":"WebSite","@id":"https:\/\/www.chaletananda.ch\/#website","url":"https:\/\/www.chaletananda.ch\/","name":"Chalet Ananda","description":"Bienvenue au chalet Ananda ","publisher":{"@id":"https:\/\/www.chaletananda.ch\/#organization"},"potentialAction":[{"@type":"SearchAction","target":{"@type":"EntryPoint","urlTemplate":"https:\/\/www.chaletananda.ch\/?s={search_term_string}"},"query-input":{"@type":"PropertyValueSpecification","valueRequired":true,"valueName":"search_term_string"}}],"inLanguage":"en-GB"},{"@type":"Organization","@id":"https:\/\/www.chaletananda.ch\/#organization","name":"Chalet Ananda","url":"https:\/\/www.chaletananda.ch\/","logo":{"@type":"ImageObject","inLanguage":"en-GB","@id":"https:\/\/www.chaletananda.ch\/#\/schema\/logo\/image\/","url":"https:\/\/www.chaletananda.ch\/wp-content\/uploads\/2024\/12\/LOGO-CHALET-ANANDA-V2.png","contentUrl":"https:\/\/www.chaletananda.ch\/wp-content\/uploads\/2024\/12\/LOGO-CHALET-ANANDA-V2.png","width":950,"height":735,"caption":"Chalet Ananda"},"image":{"@id":"https:\/\/www.chaletananda.ch\/#\/schema\/logo\/image\/"}}]}},"_links":{"self":[{"href":"https:\/\/www.chaletananda.ch\/en\/wp-json\/wp\/v2\/pages\/467","targetHints":{"allow":["GET"]}}],"collection":[{"href":"https:\/\/www.chaletananda.ch\/en\/wp-json\/wp\/v2\/pages"}],"about":[{"href":"https:\/\/www.chaletananda.ch\/en\/wp-json\/wp\/v2\/types\/page"}],"author":[{"embeddable":true,"href":"https:\/\/www.chaletananda.ch\/en\/wp-json\/wp\/v2\/users\/4"}],"replies":[{"embeddable":true,"href":"https:\/\/www.chaletananda.ch\/en\/wp-json\/wp\/v2\/comments?post=467"}],"version-history":[{"count":13,"href":"https:\/\/www.chaletananda.ch\/en\/wp-json\/wp\/v2\/pages\/467\/revisions"}],"predecessor-version":[{"id":506,"href":"https:\/\/www.chaletananda.ch\/en\/wp-json\/wp\/v2\/pages\/467\/revisions\/506"}],"wp:attachment":[{"href":"https:\/\/www.chaletananda.ch\/en\/wp-json\/wp\/v2\/media?parent=467"}],"curies":[{"name":"wp","href":"https:\/\/api.w.org\/{rel}","templated":true}]}}